{"id":21,"date":"2026-01-01T12:00:06","date_gmt":"2026-01-01T12:00:06","guid":{"rendered":"https:\/\/www.koucky.cz\/?page_id=21"},"modified":"2026-04-13T15:19:51","modified_gmt":"2026-04-13T15:19:51","slug":"uvod","status":"publish","type":"page","link":"https:\/\/www.koucky.cz\/en\/","title":{"rendered":"\u00davod"},"content":{"rendered":"<div data-elementor-type=\"wp-page\" data-elementor-id=\"21\" class=\"elementor elementor-21\">\n\t\t\t\t\t\t<div class=\"elementor-element elementor-element-d2264e7 e-con e-atomic-element e-flexbox-base e-d2264e7-a9e57c0\" data-id=\"d2264e7\" data-element_type=\"e-flexbox\" data-e-type=\"e-flexbox\" data-interaction-id=\"d2264e7\">\n\t\t\t\t\t\t\t\t<p class=\"e-f339323-4f22295 e-paragraph-base\" data-interaction-id=\"f339323\"  >\n\t\t\t\t\t\t\t\tV\u00e1clav Kouck\u00fd\n\t\t\t\t\t<\/p>\n\t\t\t\t\t\t\t\t<p class=\"e-d757ce8-6eb7912 e-paragraph-base\" data-interaction-id=\"d757ce8\"  >\n\t\t\t\t\t\t\t\tProven Executive &amp; Strategist.<br>Analysis. Strategy. Execution. Results.\n\t\t\t\t\t<\/p>\n\t\t<div class=\"elementor-element elementor-element-eeb9310 e-flex e-con-boxed e-con e-parent\" data-id=\"eeb9310\" data-element_type=\"container\" data-e-type=\"container\">\n\t\t\t\t\t<div class=\"e-con-inner\">\n\t\t<div class=\"elementor-element elementor-element-6e707d9 e-con-full e-flex e-con e-child\" data-id=\"6e707d9\" data-element_type=\"container\" data-e-type=\"container\">\n\t\t\t\t\t\t\t\n\t\t<img class=\"e-image-base e-b372a91-c8b98c8\" \n\t\t\t\t\tdata-interaction-id=\"b372a91\" \n\t\t \n\t\t \n\t\t\t\t\t\t\t\t\tid=\"47\"\n\t\t\t\t\t\t\t\t\t\t\t\tsrc=\"https:\/\/www.koucky.cz\/wp-content\/uploads\/2026\/04\/Vaclav_Koucky-2-scaled-e1775575723752.webp\"\n\t\t\t\t\t\t\t\t\t\t\t\twidth=\"1920\"\n\t\t\t\t\t\t\t\t\t\t\t\theight=\"907\"\n\t\t\t\t\t\t\t\t\t\t\t\tsrcset=\"https:\/\/www.koucky.cz\/wp-content\/uploads\/2026\/04\/Vaclav_Koucky-2-scaled-e1775575723752.webp 1920w, https:\/\/www.koucky.cz\/wp-content\/uploads\/2026\/04\/Vaclav_Koucky-2-scaled-e1775575723752-300x142.webp 300w, https:\/\/www.koucky.cz\/wp-content\/uploads\/2026\/04\/Vaclav_Koucky-2-scaled-e1775575723752-1024x484.webp 1024w, https:\/\/www.koucky.cz\/wp-content\/uploads\/2026\/04\/Vaclav_Koucky-2-scaled-e1775575723752-768x363.webp 768w, https:\/\/www.koucky.cz\/wp-content\/uploads\/2026\/04\/Vaclav_Koucky-2-scaled-e1775575723752-1536x725.webp 1536w\"\n\t\t\t\t\t\t\t\t\t\t\t\talt=\"\"\n\t\t\t\t\t\t\/>\n\t\t\t\t\t<\/div>\n\t\t<div class=\"elementor-element elementor-element-4f5e9e9 e-con-full e-flex e-con e-child\" data-id=\"4f5e9e9\" data-element_type=\"container\" data-e-type=\"container\">\n\t\t\t\t\t\t\t\t<span class=\"e-87f497d-44108e9 e-paragraph-base\" data-interaction-id=\"87f497d\"  >\n\t\t\t\t\t\t\t\tI am a senior executive with 30 years of experience in international trade, strategic management, and business expansion. Leveraging my diverse background, I operate as a highly versatile leader \u2013 able to rapidly adapt and effectively drive projects within multinational corporations, agile SMEs, and as an independent consultant. I specialize in managing complex sales cycles, building distribution networks, and negotiating with government and security agencies. My track record includes the successful execution of large-scale public tenders in the Czech Republic and negotiating the deployment of security software in the Middle East. I don't deal in empty promises; my language is driven by hard numbers, process stability, and full P&amp;L responsibility.\n\t\t\t\t\t<\/span>\n\t\t\t\t<\/div>\n\t\t\t\t\t<\/div>\n\t\t\t\t<\/div>\n\t\t\t\t<\/div>\n\t\t<div class=\"elementor-element elementor-element-13367a4 e-flex e-con-boxed e-con e-parent\" data-id=\"13367a4\" data-element_type=\"container\" data-e-type=\"container\">\n\t\t\t\t\t<div class=\"e-con-inner\">\n\t\t<div class=\"elementor-element elementor-element-a1c6e3e e-con-full e-flex e-con e-child\" data-id=\"a1c6e3e\" data-element_type=\"container\" data-e-type=\"container\">\n\t\t\t\t<div class=\"elementor-element elementor-element-c4514c7 elementor-mobile-align-left elementor-widget-mobile__width-initial elementor-widget elementor-widget-button\" data-id=\"c4514c7\" data-element_type=\"widget\" data-e-type=\"widget\" data-widget_type=\"button.default\">\n\t\t\t\t\t\t\t\t\t\t<a class=\"elementor-button elementor-button-link elementor-size-sm\" href=\"mailto:vaclav@koucky.cz\">\n\t\t\t\t\t\t<span class=\"elementor-button-content-wrapper\">\n\t\t\t\t\t\t<span class=\"elementor-button-icon\">\n\t\t\t\t<svg aria-hidden=\"true\" class=\"e-font-icon-svg e-fas-mail-bulk\" viewbox=\"0 0 576 512\" xmlns=\"http:\/\/www.w3.org\/2000\/svg\"><path d=\"M160 448c-25.6 0-51.2-22.4-64-32-64-44.8-83.2-60.8-96-70.4V480c0 17.67 14.33 32 32 32h256c17.67 0 32-14.33 32-32V345.6c-12.8 9.6-32 25.6-96 70.4-12.8 9.6-38.4 32-64 32zm128-192H32c-17.67 0-32 14.33-32 32v16c25.6 19.2 22.4 19.2 115.2 86.4 9.6 6.4 28.8 25.6 44.8 25.6s35.2-19.2 44.8-22.4c92.8-67.2 89.6-67.2 115.2-86.4V288c0-17.67-14.33-32-32-32zm256-96H224c-17.67 0-32 14.33-32 32v32h96c33.21 0 60.59 25.42 63.71 57.82l.29-.22V416h192c17.67 0 32-14.33 32-32V192c0-17.67-14.33-32-32-32zm-32 128h-64v-64h64v64zm-352-96c0-35.29 28.71-64 64-64h224V32c0-17.67-14.33-32-32-32H96C78.33 0 64 14.33 64 32v192h96v-32z\"><\/path><\/svg>\t\t\t<\/span>\n\t\t\t\t\t\t\t\t\t<span class=\"elementor-button-text\">vaclav@koucky.cz<\/span>\n\t\t\t\t\t<\/span>\n\t\t\t\t\t<\/a>\n\t\t\t\t\t\t\t\t<\/div>\n\t\t\t\t<div class=\"elementor-element elementor-element-02ecd8e elementor-align-right elementor-mobile-align-right elementor-widget-mobile__width-initial elementor-widget elementor-widget-button\" data-id=\"02ecd8e\" data-element_type=\"widget\" data-e-type=\"widget\" data-widget_type=\"button.default\">\n\t\t\t\t\t\t\t\t\t\t<a class=\"elementor-button elementor-button-link elementor-size-sm\" href=\"https:\/\/www.koucky.cz\/en\/dokumenty\/\">\n\t\t\t\t\t\t<span class=\"elementor-button-content-wrapper\">\n\t\t\t\t\t\t\t\t\t<span class=\"elementor-button-text\">Downloads<\/span>\n\t\t\t\t\t<\/span>\n\t\t\t\t\t<\/a>\n\t\t\t\t\t\t\t\t<\/div>\n\t\t\t\t<\/div>\n\t\t\t\t\t<\/div>\n\t\t\t\t<\/div>\n\t\t<div class=\"elementor-element elementor-element-eac695d e-flex e-con-boxed e-con e-parent\" data-id=\"eac695d\" data-element_type=\"container\" data-e-type=\"container\">\n\t\t\t\t\t<div class=\"e-con-inner\">\n\t\t\t\t<div class=\"elementor-element elementor-element-753a414 elementor-position-top elementor-widget elementor-widget-image-box\" data-id=\"753a414\" data-element_type=\"widget\" data-e-type=\"widget\" data-widget_type=\"image-box.default\">\n\t\t\t\t\t<div class=\"elementor-image-box-wrapper\"><figure class=\"elementor-image-box-img\"><a href=\"https:\/\/www.koucky.cz\/en\/kariera-a-praxe\/\" tabindex=\"-1\"><img fetchpriority=\"high\" decoding=\"async\" width=\"1920\" height=\"1072\" src=\"https:\/\/www.koucky.cz\/wp-content\/uploads\/2026\/04\/01_kariera_single-scaled.webp\" class=\"attachment-full size-full wp-image-99\" alt=\"\" srcset=\"https:\/\/www.koucky.cz\/wp-content\/uploads\/2026\/04\/01_kariera_single-scaled.webp 1920w, https:\/\/www.koucky.cz\/wp-content\/uploads\/2026\/04\/01_kariera_single-300x167.webp 300w, https:\/\/www.koucky.cz\/wp-content\/uploads\/2026\/04\/01_kariera_single-1024x572.webp 1024w, https:\/\/www.koucky.cz\/wp-content\/uploads\/2026\/04\/01_kariera_single-768x429.webp 768w, https:\/\/www.koucky.cz\/wp-content\/uploads\/2026\/04\/01_kariera_single-1536x857.webp 1536w\" sizes=\"(max-width: 1920px) 100vw, 1920px\" \/><\/a><\/figure><div class=\"elementor-image-box-content\"><h3 class=\"elementor-image-box-title\"><a href=\"https:\/\/www.koucky.cz\/en\/kariera-a-praxe\/\">Career Milestones &amp; Experience<\/a><\/h3><p class=\"elementor-image-box-description\">Over 30 years of experience, strategic B2B\/B2G sales, and crisis management (Yamaha, Polaris, \u0160KODA).<\/p><\/div><\/div>\t\t\t\t<\/div>\n\t\t\t\t<div class=\"elementor-element elementor-element-0e2c47b elementor-position-top elementor-widget elementor-widget-image-box\" data-id=\"0e2c47b\" data-element_type=\"widget\" data-e-type=\"widget\" data-widget_type=\"image-box.default\">\n\t\t\t\t\t<div class=\"elementor-image-box-wrapper\"><figure class=\"elementor-image-box-img\"><a href=\"https:\/\/www.koucky.cz\/en\/reference\/\" tabindex=\"-1\"><img decoding=\"async\" width=\"1920\" height=\"1072\" src=\"https:\/\/www.koucky.cz\/wp-content\/uploads\/2026\/04\/02_reference_single-scaled.webp\" class=\"attachment-full size-full wp-image-98\" alt=\"\" srcset=\"https:\/\/www.koucky.cz\/wp-content\/uploads\/2026\/04\/02_reference_single-scaled.webp 1920w, https:\/\/www.koucky.cz\/wp-content\/uploads\/2026\/04\/02_reference_single-300x167.webp 300w, https:\/\/www.koucky.cz\/wp-content\/uploads\/2026\/04\/02_reference_single-1024x572.webp 1024w, https:\/\/www.koucky.cz\/wp-content\/uploads\/2026\/04\/02_reference_single-768x429.webp 768w, https:\/\/www.koucky.cz\/wp-content\/uploads\/2026\/04\/02_reference_single-1536x857.webp 1536w\" sizes=\"(max-width: 1920px) 100vw, 1920px\" \/><\/a><\/figure><div class=\"elementor-image-box-content\"><h3 class=\"elementor-image-box-title\"><a href=\"https:\/\/www.koucky.cz\/en\/reference\/\">Testimonials &amp; Endorsements<\/a><\/h3><p class=\"elementor-image-box-description\">Personal endorsements from colleagues, superiors, and key business partners throughout my career.<\/p><\/div><\/div>\t\t\t\t<\/div>\n\t\t\t\t<div class=\"elementor-element elementor-element-0443e83 elementor-position-top elementor-widget elementor-widget-image-box\" data-id=\"0443e83\" data-element_type=\"widget\" data-e-type=\"widget\" data-widget_type=\"image-box.default\">\n\t\t\t\t\t<div class=\"elementor-image-box-wrapper\"><figure class=\"elementor-image-box-img\"><a href=\"https:\/\/www.koucky.cz\/en\/diplomka\/\" tabindex=\"-1\"><img decoding=\"async\" width=\"1920\" height=\"1072\" src=\"https:\/\/www.koucky.cz\/wp-content\/uploads\/2026\/04\/03_historie_single-scaled.webp\" class=\"attachment-full size-full wp-image-100\" alt=\"\" srcset=\"https:\/\/www.koucky.cz\/wp-content\/uploads\/2026\/04\/03_historie_single-scaled.webp 1920w, https:\/\/www.koucky.cz\/wp-content\/uploads\/2026\/04\/03_historie_single-300x167.webp 300w, https:\/\/www.koucky.cz\/wp-content\/uploads\/2026\/04\/03_historie_single-1024x572.webp 1024w, https:\/\/www.koucky.cz\/wp-content\/uploads\/2026\/04\/03_historie_single-768x429.webp 768w, https:\/\/www.koucky.cz\/wp-content\/uploads\/2026\/04\/03_historie_single-1536x857.webp 1536w\" sizes=\"(max-width: 1920px) 100vw, 1920px\" \/><\/a><\/figure><div class=\"elementor-image-box-content\"><h3 class=\"elementor-image-box-title\"><a href=\"https:\/\/www.koucky.cz\/en\/diplomka\/\">A Historical Perspective<\/a><\/h3><p class=\"elementor-image-box-description\">My 1992 master's thesis as proof of strategic thinking during a period of rapid economic transformation.<\/p><\/div><\/div>\t\t\t\t<\/div>\n\t\t\t\t\t<\/div>\n\t\t\t\t<\/div>\n\t\t\t\t<div class=\"elementor-element elementor-element-436875c e-con e-atomic-element e-flexbox-base e-436875c-ada81ad\" data-id=\"436875c\" data-element_type=\"e-flexbox\" data-e-type=\"e-flexbox\" data-interaction-id=\"436875c\">\n\t\t\t\t\t\t\t\t<span class=\"e-b7a99b0-395ab2f e-paragraph-base\" data-interaction-id=\"b7a99b0\"  >\n\t\t\t\t\t\t\t\t\u00a9 2026 V\u00e1clav Kouck\u00fd | Strategic Business Development\n\t\t\t\t\t<\/span>\n\t\t\t\t<\/div>\n\t\t\t\t<\/div>","protected":false},"excerpt":{"rendered":"<p>V\u00e1clav Kouck\u00fd Osv\u011bd\u010den\u00fd mana\u017eer a strat\u00e9g.Anal\u00fdza. Koncepce. Realizace. V\u00fdsledky. Jsem seniorn\u00ed mana\u017eer s 30 lety praxe v mezin\u00e1rodn\u00edm obchodu, strategick\u00e9m \u0159\u00edzen\u00ed a expanzi firem. D\u00edky sv\u00fdm zku\u0161enostem funguji jako \u201euniverz\u00e1ln\u00ed voj\u00e1k\u201c \u2013 um\u00edm se rychle adaptovat a efektivn\u011b v\u00e9st projekty v prost\u0159ed\u00ed nadn\u00e1rodn\u00edho korpor\u00e1tu, agiln\u00ed men\u0161\u00ed firmy&nbsp;i z pozice nez\u00e1visl\u00e9ho externisty (OSV\u010c). Specializuji se na [&hellip;]<\/p>\n","protected":false},"author":1,"featured_media":0,"parent":0,"menu_order":0,"comment_status":"closed","ping_status":"closed","template":"","meta":{"footnotes":""},"class_list":["post-21","page","type-page","status-publish","hentry"],"_links":{"self":[{"href":"https:\/\/www.koucky.cz\/en\/wp-json\/wp\/v2\/pages\/21","targetHints":{"allow":["GET"]}}],"collection":[{"href":"https:\/\/www.koucky.cz\/en\/wp-json\/wp\/v2\/pages"}],"about":[{"href":"https:\/\/www.koucky.cz\/en\/wp-json\/wp\/v2\/types\/page"}],"author":[{"embeddable":true,"href":"https:\/\/www.koucky.cz\/en\/wp-json\/wp\/v2\/users\/1"}],"replies":[{"embeddable":true,"href":"https:\/\/www.koucky.cz\/en\/wp-json\/wp\/v2\/comments?post=21"}],"version-history":[{"count":214,"href":"https:\/\/www.koucky.cz\/en\/wp-json\/wp\/v2\/pages\/21\/revisions"}],"predecessor-version":[{"id":725,"href":"https:\/\/www.koucky.cz\/en\/wp-json\/wp\/v2\/pages\/21\/revisions\/725"}],"wp:attachment":[{"href":"https:\/\/www.koucky.cz\/en\/wp-json\/wp\/v2\/media?parent=21"}],"curies":[{"name":"wp","href":"https:\/\/api.w.org\/{rel}","templated":true}]}}